{"id":32,"date":"2022-04-05T13:00:19","date_gmt":"2022-04-05T13:00:19","guid":{"rendered":"https:\/\/noom-sec.ipb.ac.rs\/?page_id=32"},"modified":"2023-07-31T16:52:54","modified_gmt":"2023-07-31T16:52:54","slug":"publications","status":"publish","type":"page","link":"https:\/\/noom-sec.ipb.ac.rs\/index.php\/publications\/","title":{"rendered":"Publications"},"content":{"rendered":"<p><strong>M21 <\/strong><\/p>\n<p>1. B. Babic, M. Romcevic, M. Gilic, J. Trajic, M. M. Radanovi\u0107, Lj. S. Vojinovi\u0107-Je\u0161i\u0107, M. V. Rodi\u0107, N. Romcevic Phonon assisted charge transfer in complexes of Zn(II) and Cd(II) with 2-acetylpyridine-aminoguanidine Optical Materials 136 (2023) 113445.<br \/>\nhttps:\/\/doi.org\/10.1016\/j.optmat.2023.113445<\/p>\n<p><strong>M22 <\/strong><\/p>\n<p>1. N. Romcevic, M. Lekic, A. Kovacevic, N. Paunovic, B. Vasic, M. Romcevic Structural properties of femtosecond laser irradiation induced bismuth oxide based nano-objects in Bi12SiO20 (BSO) single crystal Physica E: Low-dimensional Systems and Nanostructures 148 (2023) 115653. https:\/\/doi.org\/10.1016\/j.physe.2023.115653<\/p>\n<p>2. N. Romcevic, B. Hadzic, M. Prekajski \u0110or\u0111evi\u0107, P. Mihailovic, M. Curcic, J. Trajic, J. Mitric, M. Romcevic Effect of Laser Heating on Partial Decomposition of Bi12SiO20 (BSO) Single Crystal: Raman Study Journal of Spectroscopy (2023) 5490018<br \/>\nhttps:\/\/doi.org\/10.1155\/2023\/5490018<\/p>\n<p>3. Z.Z. Lazarevi\u0107, A. Milutinovic, Lj. Andjelkovic, M. Petrovic, B. Hadzi\u0107, M. Romcevic, J. Trajic, N. Romcevic Characterization of Cobalt Ferrite Nanoparticles Obtained by Various Synthesis Methods and Comparison with the Raman Spectra of Other Ferrites and Some Cubic Oxide Spinels Science of Sintering xx (2023) xxx-xxx.<br \/>\nhttps:\/\/doi.org\/10.2298\/SOS230322035L<\/p>\n<p><strong>M23\u00a0<\/strong><\/p>\n<p>1. N. Romcevic, M. Curcic, V. Radojevic, J. Trajic, N. Paunovic, B. Babic, B. Hadzic, M. Romcevic<br \/>\nModulated interference effect by ZnS nanoparticles \/ 3-Mercaptopropyltrimethoxysilane quasi core-shell structure: Far-infrared spectroscopy Optoelectronics and Advanced Materials &#8211; Rapid Communications 16(7-8) (2022) 359-363.<br \/>\nhttps:\/\/oam-rc.inoe.ro\/articles\/modulated-interference-effect-by-zns-nanoparticles-3-mercaptopropyltrimethoxysilane-quasi-core-shell-structure-far-infrared-spectroscopy\/<\/p>\n<p>2. Z. Lazarevic, LJ. Nedeljkovic, M. Suljagic, A. Milutinovic, M. Curcic, J. Trajic, N. Paunovic, M. Romcevic, B. Hadzic, N. Romcevic<br \/>\nVibrational and magnetic properties of nano-sized CoFe2O4 obtained by various synthesis technique: a comparative study<br \/>\nOptoelectronics and Advanced Materials &#8211; Rapid Communications 17(5-6) (2023) 247-254.<br \/>\nhttps:\/\/oam-rc.inoe.ro\/articles\/vibrational-and-magnetic-properties-of-nano-sized-cofe2o4-obtained-by-various-synthesis-techniques-a-comparative-study\/<\/p>\n<p><strong>M35 <\/strong><\/p>\n<p>1.N. Romcevic, M. Romcevic Nano-objects in own matrix \u2013 Self Composite XXX International Materials Research Congress and International Conference on Advanced Materials held in Cancun, Mexico from August 14th to 19th, 2022. D4-002.<br \/>\nhttps:\/\/www.mrs-mexico.org.mx\/imrc2022\/system\/app_abstract-registered.php?id_usr=17452<\/p>\n<p>2. M. Romcevic, J. Trajic, B. Babic Structural and optical properties of laser induced BiO and SiO nano-objects in BiSiO single crystal<br \/>\nXXX International Materials Research Congress and International Conference on<br \/>\nAdvanced Materials held in Cancun, Mexico from August 14th to 19th, 2022. D7-001.<br \/>\nhttps:\/\/www.mrs-mexico.org.mx\/imrc2022\/system\/app_abstract-registered.php?id_usr=17452<\/p>\n<p>3. N. Romcevic, M. Lekic, J. Mitric, A. Kovacevic, B. Vasic, N. Paunovic, M. Curcic, J. Trajic, M. Romcevic<br \/>\nStructural properties of femtosecond laser irradiation induced bismuth oxide based nano-objects in Bi12SiO20 (BSO) single crystal<br \/>\nThe 6th International conference on the Physics of Optical Materials and Devices, Belgrade, Serbia, August 29th to September 2th, 2022, P-68.<\/p>\n<p>4. N. Romcevic, M. Romcevic The Role of Electron-Phonon Interaction in Promising AIIBIVAs2 (A=Cd, Zn; B=Ge, Sn) + Mn Thermoelectric Materials 11th International Conference on Materials for Advanced Technologies (ICMAT2023), taking place from 26 to 30 June 2023 at Suntec, Singapore.<br \/>\nhttps:\/\/icmat.meetmatt-svr.net\/Abstracts\/Details?id=1092<\/p>\n","protected":false},"excerpt":{"rendered":"<p>M21 1. B. Babic, M. Romcevic, M. Gilic, J. Trajic, M. M. Radanovi\u0107, Lj. S. Vojinovi\u0107-Je\u0161i\u0107, M. V. Rodi\u0107, N. Romcevic Phonon assisted charge transfer in complexes of Zn(II) and Cd(II) with 2-acetylpyridine-aminoguanidine Optical Materials 136 (2023) 113445. https:\/\/doi.org\/10.1016\/j.optmat.2023.113445 M22 1. N. Romcevic, M. Lekic, A. Kovacevic, N. Paunovic, B. Vasic, M. Romcevic Structural properties [&hellip;]<\/p>\n","protected":false},"author":2,"featured_media":0,"parent":0,"menu_order":0,"comment_status":"closed","ping_status":"closed","template":"","meta":[],"_links":{"self":[{"href":"https:\/\/noom-sec.ipb.ac.rs\/index.php\/wp-json\/wp\/v2\/pages\/32"}],"collection":[{"href":"https:\/\/noom-sec.ipb.ac.rs\/index.php\/wp-json\/wp\/v2\/pages"}],"about":[{"href":"https:\/\/noom-sec.ipb.ac.rs\/index.php\/wp-json\/wp\/v2\/types\/page"}],"author":[{"embeddable":true,"href":"https:\/\/noom-sec.ipb.ac.rs\/index.php\/wp-json\/wp\/v2\/users\/2"}],"replies":[{"embeddable":true,"href":"https:\/\/noom-sec.ipb.ac.rs\/index.php\/wp-json\/wp\/v2\/comments?post=32"}],"version-history":[{"count":6,"href":"https:\/\/noom-sec.ipb.ac.rs\/index.php\/wp-json\/wp\/v2\/pages\/32\/revisions"}],"predecessor-version":[{"id":235,"href":"https:\/\/noom-sec.ipb.ac.rs\/index.php\/wp-json\/wp\/v2\/pages\/32\/revisions\/235"}],"wp:attachment":[{"href":"https:\/\/noom-sec.ipb.ac.rs\/index.php\/wp-json\/wp\/v2\/media?parent=32"}],"curies":[{"name":"wp","href":"https:\/\/api.w.org\/{rel}","templated":true}]}}